{"id":10,"date":"2012-05-09T10:37:24","date_gmt":"2012-05-09T10:37:24","guid":{"rendered":"http:\/\/ccoo.zeus.umh.es\/igualdad\/"},"modified":"2022-01-10T11:23:12","modified_gmt":"2022-01-10T10:23:12","slug":"igualdad","status":"publish","type":"page","link":"https:\/\/ccoo.umh.es\/en\/igualdad\/","title":{"rendered":"EQUALITY"},"content":{"rendered":"<p><\/p>\n<p style=\"text-align: justify\"><a href=\"https:\/\/ccoo.umh.es\/files\/2012\/05\/IGUALDAD_1.jpg\"><img loading=\"lazy\" class=\" size-thumbnail wp-image-68 aligncenter\" title=\"IGUALDAD_1\" src=\"https:\/\/ccoo.umh.es\/files\/2012\/05\/IGUALDAD_1-150x150.jpg\" alt=\"\" width=\"150\" height=\"150\" \/><\/a><\/p>\n<p style=\"text-align: justify\"><span style=\"color: #800000\">8 de Marzo, D\u00eda Internacional de la Mujer Trabajadora, reafirmamos nuestro compromiso con las pol\u00edticas de igualdad entre mujeres y hombres, como garant\u00eda democr\u00e1tica que fortalezca el desarrollo de un modelo social m\u00e1s justo e igualitario en derechos, en el empleo, en la participaci\u00f3n econ\u00f3mica y en la sociedad.<\/span><\/p>\n<p><\/p>","protected":false},"excerpt":{"rendered":"<p>8 de Marzo, D\u00eda Internacional de la Mujer Trabajadora, reafirmamos nuestro compromiso con las pol\u00edticas de igualdad entre mujeres y hombres, como garant\u00eda democr\u00e1tica que fortalezca el desarrollo de un modelo social m\u00e1s justo e igualitario en derechos, en el empleo, en la participaci\u00f3n econ\u00f3mica y en la sociedad.<\/p>\n","protected":false},"author":405,"featured_media":0,"parent":0,"menu_order":8,"comment_status":"closed","ping_status":"open","template":"","meta":{"_links_to":"","_links_to_target":""},"_links":{"self":[{"href":"https:\/\/ccoo.umh.es\/en\/wp-json\/wp\/v2\/pages\/10"}],"collection":[{"href":"https:\/\/ccoo.umh.es\/en\/wp-json\/wp\/v2\/pages"}],"about":[{"href":"https:\/\/ccoo.umh.es\/en\/wp-json\/wp\/v2\/types\/page"}],"author":[{"embeddable":true,"href":"https:\/\/ccoo.umh.es\/en\/wp-json\/wp\/v2\/users\/405"}],"replies":[{"embeddable":true,"href":"https:\/\/ccoo.umh.es\/en\/wp-json\/wp\/v2\/comments?post=10"}],"version-history":[{"count":0,"href":"https:\/\/ccoo.umh.es\/en\/wp-json\/wp\/v2\/pages\/10\/revisions"}],"wp:attachment":[{"href":"https:\/\/ccoo.umh.es\/en\/wp-json\/wp\/v2\/media?parent=10"}],"curies":[{"name":"wp","href":"https:\/\/api.w.org\/{rel}","templated":true}]}}