{"id":161,"date":"2012-06-29T08:01:33","date_gmt":"2012-06-29T08:01:33","guid":{"rendered":"http:\/\/ccoo.zeus.umh.es\/?page_id=161"},"modified":"2022-01-10T11:18:28","modified_gmt":"2022-01-10T10:18:28","slug":"relacion-puestos-de-trabajo-pdi","status":"publish","type":"page","link":"https:\/\/ccoo.umh.es\/en\/inf-laboral\/pdi\/relacion-puestos-de-trabajo-pdi\/","title":{"rendered":"RPT"},"content":{"rendered":"<p><\/p>\n<p style=\"text-align: justify\"><em>\u00a0<\/em><\/p>\n<div style=\"text-align: justify\">\n<p><em><a href=\"https:\/\/ccoo.umh.es\/files\/2012\/06\/reuion21.png\"><img loading=\"lazy\" class=\"alignnone wp-image-591 size-medium aligncenter\" title=\"profesorado\" src=\"https:\/\/ccoo.umh.es\/files\/2012\/06\/reuion21-300x166.png\" alt=\"\" width=\"300\" height=\"166\" srcset=\"https:\/\/ccoo.umh.es\/files\/2012\/06\/reuion21-300x166.png 300w, https:\/\/ccoo.umh.es\/files\/2012\/06\/reuion21.png 302w\" sizes=\"(max-width: 300px) 100vw, 300px\" \/><\/a><\/em><\/p>\n<h2><a href=\"https:\/\/rrhh.umh.es\/files\/2010\/05\/rpt-pdi-docv-2010_5468.pdf\">RPT PERSONAL DOCENTE E INVESTIGADOR<\/a><em><br \/>\n<\/em><\/h2>\n<\/div>\n<ul>\n<li style=\"text-align: justify\"><a href=\"https:\/\/universite.umh.es\/_web_rw\/boumh\/docs\/4171_lunes.pdf\" target=\"_blank\" rel=\"noopener noreferrer\">RESOLUCI\u00d3N de 11 de mayo de 2010, de la Universidad Miguel Hern\u00e1ndez de Elche, por la que se ordena la publicaci\u00f3n de la relaci\u00f3n de puestos de trabajo del personal docente e investigador. <\/a><\/li>\n<\/ul>\n<h2><\/h2>\n<p><\/p>","protected":false},"excerpt":{"rendered":"<p>\u00a0<\/p>\n<p>RPT PERSONAL DOCENTE E INVESTIGADOR<\/p>\n<p>RESOLUCI\u00d3N de 11 de mayo de 2010, de la Universidad Miguel Hern\u00e1ndez de Elche, por la que se ordena la publicaci\u00f3n de la relaci\u00f3n de puestos de trabajo del personal docente e investigador. <\/p>\n","protected":false},"author":1417,"featured_media":0,"parent":8,"menu_order":6,"comment_status":"closed","ping_status":"open","template":"","meta":{"_links_to":"","_links_to_target":""},"_links":{"self":[{"href":"https:\/\/ccoo.umh.es\/en\/wp-json\/wp\/v2\/pages\/161"}],"collection":[{"href":"https:\/\/ccoo.umh.es\/en\/wp-json\/wp\/v2\/pages"}],"about":[{"href":"https:\/\/ccoo.umh.es\/en\/wp-json\/wp\/v2\/types\/page"}],"author":[{"embeddable":true,"href":"https:\/\/ccoo.umh.es\/en\/wp-json\/wp\/v2\/users\/1417"}],"replies":[{"embeddable":true,"href":"https:\/\/ccoo.umh.es\/en\/wp-json\/wp\/v2\/comments?post=161"}],"version-history":[{"count":0,"href":"https:\/\/ccoo.umh.es\/en\/wp-json\/wp\/v2\/pages\/161\/revisions"}],"up":[{"embeddable":true,"href":"https:\/\/ccoo.umh.es\/en\/wp-json\/wp\/v2\/pages\/8"}],"wp:attachment":[{"href":"https:\/\/ccoo.umh.es\/en\/wp-json\/wp\/v2\/media?parent=161"}],"curies":[{"name":"wp","href":"https:\/\/api.w.org\/{rel}","templated":true}]}}