{"id":166,"date":"2012-06-29T12:42:15","date_gmt":"2012-06-29T12:42:15","guid":{"rendered":"http:\/\/ccoo.zeus.umh.es\/pas\/legislacion\/"},"modified":"2024-03-08T10:04:57","modified_gmt":"2024-03-08T09:04:57","slug":"legislacion","status":"publish","type":"page","link":"https:\/\/ccoo.umh.es\/en\/inf-laboral\/pas\/legislacion\/","title":{"rendered":"<span lang=\"es\">(Espa\u00f1ol) NORMATIVA Y LEGISLACI\u00d3N<\/span>"},"content":{"rendered":"<p><\/p>\n<p style=\"text-align: center\"><a href=\"https:\/\/ccoo.umh.es\/files\/2012\/06\/legislacion_1.jpg\"><img loading=\"lazy\" class=\"size-full wp-image-252 aligncenter\" title=\"legislacion_1\" src=\"https:\/\/ccoo.umh.es\/files\/2012\/06\/legislacion_1.jpg\" alt=\"\" width=\"188\" height=\"120\" \/><\/a><\/p>\n<ul>\n<li><a href=\"http:\/\/www.dogv.gva.es\/datos\/2015\/12\/15\/pdf\/2015_10000.pdf\">ORDEN 2\/2015, de 3 de diciembre,de la Conselleria de Justicia, Administraci\u00f3n P\u00fablica, Reformas Democr\u00e1ticas y Libertades P\u00fablicas, por la que se desarrolla el sistema de evaluaci\u00f3n del desempe\u00f1o, as\u00ed como el acceso y el procedimiento de progresi\u00f3n dentro del sistema de carrera profesional horizontal del personal empleado p\u00fablico de car\u00e1cter fijo de la Administraci\u00f3n de la Generalitat.<\/a><\/li>\n<\/ul>\n<ul>\n<li><a href=\"http:\/\/www.dogv.gva.es\/datos\/2014\/11\/10\/pdf\/2014_10253.pdf\">DECRETO 186\/2014, de 7 de noviembre, del Consell, por el que se regula el sistema de carrera profesional horizontal y la evaluaci\u00f3n del desempe\u00f1o, del personal funcionario de carrera de la Administraci\u00f3n de la Generalitat<\/a><\/li>\n<\/ul>\n<p><\/p>","protected":false},"excerpt":{"rendered":"<p>ORDEN 2\/2015, de 3 de diciembre,de la Conselleria de Justicia, Administraci\u00f3n P\u00fablica, Reformas Democr\u00e1ticas y Libertades P\u00fablicas, por la que se desarrolla el sistema de evaluaci\u00f3n del desempe\u00f1o, as\u00ed como el acceso y el procedimiento de progresi\u00f3n dentro del sistema de carrera profesional horizontal del personal empleado p\u00fablico de car\u00e1cter fijo de la Administraci\u00f3n de [&#8230;]<\/p>\n","protected":false},"author":1417,"featured_media":0,"parent":7,"menu_order":0,"comment_status":"closed","ping_status":"open","template":"","meta":{"_links_to":"","_links_to_target":""},"_links":{"self":[{"href":"https:\/\/ccoo.umh.es\/en\/wp-json\/wp\/v2\/pages\/166"}],"collection":[{"href":"https:\/\/ccoo.umh.es\/en\/wp-json\/wp\/v2\/pages"}],"about":[{"href":"https:\/\/ccoo.umh.es\/en\/wp-json\/wp\/v2\/types\/page"}],"author":[{"embeddable":true,"href":"https:\/\/ccoo.umh.es\/en\/wp-json\/wp\/v2\/users\/1417"}],"replies":[{"embeddable":true,"href":"https:\/\/ccoo.umh.es\/en\/wp-json\/wp\/v2\/comments?post=166"}],"version-history":[{"count":0,"href":"https:\/\/ccoo.umh.es\/en\/wp-json\/wp\/v2\/pages\/166\/revisions"}],"up":[{"embeddable":true,"href":"https:\/\/ccoo.umh.es\/en\/wp-json\/wp\/v2\/pages\/7"}],"wp:attachment":[{"href":"https:\/\/ccoo.umh.es\/en\/wp-json\/wp\/v2\/media?parent=166"}],"curies":[{"name":"wp","href":"https:\/\/api.w.org\/{rel}","templated":true}]}}