{"id":17,"date":"2012-05-10T11:03:35","date_gmt":"2012-05-10T11:03:35","guid":{"rendered":"http:\/\/ccoo.zeus.umh.es\/tu-sindicato-3\/tus-representantes\/"},"modified":"2025-12-04T09:07:49","modified_gmt":"2025-12-04T08:07:49","slug":"tus-representantes","status":"publish","type":"page","link":"https:\/\/ccoo.umh.es\/en\/tu-sindicato-3\/tus-representantes\/","title":{"rendered":"<span lang=\"es\">(Espa\u00f1ol) Tus representantes<\/span>"},"content":{"rendered":"<p><\/p>\n<h1 style=\"text-align: center\">\u00a0<span style=\"color: #333399\">Representantes\u00a0 CC.OO. en las\u00a0 comisiones de la Universidad<\/span><\/h1>\n<h2><span style=\"color: #3366ff\">Mesa de Negociaci\u00f3n del PDI<\/span><\/h2>\n<pre>Miembros titulares:\r\n\r\nChus Cuesta  8429 chus.cuesta @ umh.es\r\n\r\nKatja Gilly 5865 katya @ umh.es\r\n\r\n<\/pre>\n<pre>Miembros suplentes:\r\n\r\nJose Barril 8565 jose.barril @ umh.es\r\n\r\nJavier Esteban Mozo 2157 jesteban @ umh.es<\/pre>\n<h2><span style=\"color: #3366ff\">Mesa de negociaci\u00f3n conjunta del PAS<\/span><\/h2>\n<table>\n<tbody>\n<tr>\n<td>Titulares<\/td>\n<td><\/td>\n<td>Suplentes<\/td>\n<td><\/td>\n<\/tr>\n<tr>\n<td>Nombre<\/td>\n<td>E-mail<\/td>\n<td>Nombre<\/td>\n<td>E-mail<\/td>\n<\/tr>\n<tr>\n<td>Mar\u00eda Cecilia Aguilar Ruiz<\/td>\n<td>c.aguilar@umh.es<\/td>\n<td>Ricardo Granja Camarasa<\/td>\n<td>ricardog@umh.es<\/td>\n<\/tr>\n<tr>\n<td>Juan Agull\u00f3 Valero<\/td>\n<td>juan.agullo@umh.es<\/td>\n<td>Rub\u00e9n Mart\u00ednez G\u00f3mez<\/td>\n<td>rmartinez@umh.es<\/td>\n<\/tr>\n<tr>\n<td>Matilde Ba\u00f1o Caballero<\/td>\n<td>m.bano@umh.es<\/td>\n<td>Antonio Francisco Zaragoza Soler<\/td>\n<td>a.zaragoza@umh.es<\/td>\n<\/tr>\n<\/tbody>\n<\/table>\n<h2><span style=\"color: #3366ff\">Comisi\u00f3n de Seguimiento de Bolsas<\/span><\/h2>\n<table>\n<tbody>\n<tr>\n<td>Juan Agullo Valero<\/td>\n<td>juan.agullo@umh.es<\/td>\n<\/tr>\n<\/tbody>\n<\/table>\n<h2><span style=\"color: #3366ff\">Junta del PAS<\/span><\/h2>\n<table>\n<tbody>\n<tr>\n<td>Mar\u00eda Cecilia Aguilar Ruiz<\/td>\n<td colspan=\"3\">c.aguilar@umh.es<\/td>\n<\/tr>\n<tr>\n<td>Juan Agullo Valero<\/td>\n<td colspan=\"3\">juan.agullo@umh.es<\/td>\n<\/tr>\n<tr>\n<td>Matilde Ba\u00f1o Caballero<\/td>\n<td colspan=\"3\">m.bano@umh.es<\/td>\n<\/tr>\n<\/tbody>\n<\/table>\n<h2><span style=\"color: #3366ff\">Delegado sindical de la junta de PAS<\/span><\/h2>\n<table>\n<tbody>\n<tr>\n<td>Ricardo Granja Camarasa<\/td>\n<td>ricardog@umh.es<\/td>\n<\/tr>\n<\/tbody>\n<\/table>\n<h2><span style=\"color: #3366ff\">Comisi\u00f3n T\u00e9cnica del Plan de Carrera Profesional Horizontal<\/span><\/h2>\n<table>\n<tbody>\n<tr>\n<td>Ricardo Granja Camarasa<\/td>\n<td>ricardog@umh.es<\/td>\n<\/tr>\n<\/tbody>\n<\/table>\n<h2><span style=\"color: #3366ff\">Comisi\u00f3n de Coordinaci\u00f3n y Seguimiento del Programa de Teletrabajo<\/span><\/h2>\n<table>\n<tbody>\n<tr>\n<td>Matilde Ba\u00f1o Caballero<\/td>\n<td>m.bano@umh.es<\/td>\n<\/tr>\n<\/tbody>\n<\/table>\n<h2><span style=\"color: #3366ff\">Comisi\u00f3n de Formaci\u00f3n del PAS<\/span><\/h2>\n<table>\n<tbody>\n<tr>\n<td>Rub\u00e9n Mart\u00ednez G\u00f3mez<\/td>\n<td>rmartinez@umh.es<\/td>\n<\/tr>\n<tr>\n<td>Matilde Ba\u00f1o Caballero<\/td>\n<td>m.bano@umh.es<\/td>\n<\/tr>\n<\/tbody>\n<\/table>\n<h2><span style=\"color: #3366ff\">Comisi\u00f3n de Anticipos y Pr\u00e9stamos [suspendida por los recortes del gobierno]<\/span><\/h2>\n<table>\n<tbody>\n<tr>\n<td>Mar\u00eda Cecilia Aguilar Ruiz<\/td>\n<td>c.aguilar@umh.es<\/td>\n<\/tr>\n<\/tbody>\n<\/table>\n<h2><span style=\"color: #3366ff\">Comisi\u00f3n de Adjudicaci\u00f3n del Fondo de Ayuda Social [suspendida por los recortes del gobierno]<\/span><\/h2>\n<h2><span style=\"color: #3366ff\">Comit\u00e9 de Seguridad y Salud<\/span><\/h2>\n<pre>Jos\u00e9 Barril Antu\u00f1a 8515 <a href=\"mailto:jose.barril@umh.es\">jose.barril@umh.es<\/a><\/pre>\n<pre>Juan Agull\u00f3 Valero 8944 <a href=\"mailto:juan.agullo@umh.es\">juan.agullo@umh.es<\/a><\/pre>\n<pre>Javier Esteban Mozo 2157 <a href=\"mailto:jesteban@umh.es\">jesteban@umh.es<\/a><\/pre>\n<h2><span style=\"color: #3366ff\">Comisi\u00f3n Promotora del Plan de Pensiones del Personal de la U.M.H.<\/span><\/h2>\n<pre>Juan Agull\u00f3 Valero 8944 <a href=\"mailto:juan.agullo@umh.es\">juan.agullo@umh.es<\/a><!--more--><\/pre>\n<p><\/p>","protected":false},"excerpt":{"rendered":"<p>\u00a0Representantes\u00a0 CC.OO. en las\u00a0 comisiones de la Universidad<br \/>\nMesa de Negociaci\u00f3n del PDI<br \/>\nMiembros titulares:<\/p>\n<p>Chus Cuesta  8429 chus.cuesta @ umh.es<\/p>\n<p>Katja Gilly 5865 katya @ umh.es<\/p>\n<p>Miembros suplentes:<\/p>\n<p>Jose Barril 8565 jose.barril @ umh.es<\/p>\n<p>Javier Esteban Mozo 2157 jesteban @ umh.es<br \/>\nMesa de negociaci\u00f3n conjunta del PAS<\/p>\n<p>Titulares<\/p>\n<p>Suplentes<\/p>\n<p>Nombre<br \/>\nE-mail<br \/>\nNombre<br \/>\nE-mail<\/p>\n<p>Mar\u00eda Cecilia Aguilar Ruiz<br \/>\nc.aguilar@umh.es<br \/>\nRicardo Granja Camarasa<br \/>\nricardog@umh.es<\/p>\n<p>Juan Agull\u00f3 Valero<br \/>\njuan.agullo@umh.es<br \/>\nRub\u00e9n Mart\u00ednez G\u00f3mez<br \/>\nrmartinez@umh.es<\/p>\n<p>Matilde Ba\u00f1o Caballero<br \/>\nm.bano@umh.es<br \/>\nAntonio Francisco Zaragoza Soler<br \/>\na.zaragoza@umh.es<\/p>\n<p>Comisi\u00f3n [&#8230;]<\/p>\n","protected":false},"author":1417,"featured_media":0,"parent":13,"menu_order":0,"comment_status":"closed","ping_status":"open","template":"","meta":{"_links_to":"","_links_to_target":""},"_links":{"self":[{"href":"https:\/\/ccoo.umh.es\/en\/wp-json\/wp\/v2\/pages\/17"}],"collection":[{"href":"https:\/\/ccoo.umh.es\/en\/wp-json\/wp\/v2\/pages"}],"about":[{"href":"https:\/\/ccoo.umh.es\/en\/wp-json\/wp\/v2\/types\/page"}],"author":[{"embeddable":true,"href":"https:\/\/ccoo.umh.es\/en\/wp-json\/wp\/v2\/users\/1417"}],"replies":[{"embeddable":true,"href":"https:\/\/ccoo.umh.es\/en\/wp-json\/wp\/v2\/comments?post=17"}],"version-history":[{"count":0,"href":"https:\/\/ccoo.umh.es\/en\/wp-json\/wp\/v2\/pages\/17\/revisions"}],"up":[{"embeddable":true,"href":"https:\/\/ccoo.umh.es\/en\/wp-json\/wp\/v2\/pages\/13"}],"wp:attachment":[{"href":"https:\/\/ccoo.umh.es\/en\/wp-json\/wp\/v2\/media?parent=17"}],"curies":[{"name":"wp","href":"https:\/\/api.w.org\/{rel}","templated":true}]}}