{"id":18,"date":"2012-05-10T11:06:28","date_gmt":"2012-05-10T11:06:28","guid":{"rendered":"http:\/\/ccoo.zeus.umh.es\/tu-sindicato-3\/tus-representantes\/comite-de-empresa\/"},"modified":"2023-04-27T12:43:26","modified_gmt":"2023-04-27T10:43:26","slug":"comite-de-empresa","status":"publish","type":"page","link":"https:\/\/ccoo.umh.es\/en\/inf-laboral\/comite-de-empresa\/","title":{"rendered":"Comit\u00e9 de Empresa"},"content":{"rendered":"<p><img loading=\"lazy\" class=\" size-thumbnail wp-image-51 aligncenter\" title=\"reunion_3\" src=\"https:\/\/ccoo.umh.es\/files\/2012\/05\/reunion_3-150x150.png\" alt=\"\" width=\"150\" height=\"150\" \/><\/p>\n<h2>\u00bfQu\u00e9 es el Comit\u00e9 de Empresa?<\/h2>\n<p>El comit\u00e9 de empresa es el \u00f3rgano de representaci\u00f3n de l@s trabajador@s de la Universidad Miguel Hern\u00e1ndez de Elche con contrato laboral.<\/p>\n<p>Esta formado por 23 miembros elegidos en las elecciones sindicales que tienen lugar cada cuatro a\u00f1os.<\/p>\n<h2>Delegadas de personal de CC.OO. en el Comit\u00e9 de Empresa (desde 05\/12\/2018)<\/h2>\n<p>Actualmente CC.OO. cuenta con\u00a04 representantes:<\/p>\n<ul>\n<li><strong>Javier Esteban Mozo:<\/strong>\n<ul>\n<li>Tel\u00e9fono: 966652157<\/li>\n<li>Mail: jesteban @ umh.es<\/li>\n<\/ul>\n<\/li>\n<li><strong>Elisa Lozano Chiarlones<\/strong>\n<ul>\n<li>Tel\u00e9fono: 966859171<\/li>\n<li>Mail: e.lozano @ umh.es<\/li>\n<\/ul>\n<\/li>\n<li><strong>Pablo Acebal Gonz\u00e1lez<\/strong>:\n<ul>\n<li>Tel\u00e9fono: 966658428<\/li>\n<li>Mail: pacebal @ umh.es<\/li>\n<\/ul>\n<\/li>\n<li><strong>Antonio Fco. Zaragoza Soler<\/strong>:\n<ul>\n<li>Tel\u00e9fono: 966658668<\/li>\n<li>Mail: a.zaragoza @ umh.es<\/li>\n<\/ul>\n<\/li>\n<\/ul>\n<h2>Delegada sindical de CC.OO. por el Comit\u00e9 de Empresa (LOLS)<\/h2>\n<ul>\n<li><strong>M\u00aa Jes\u00fas Navarro R\u00edos:<\/strong>\n<ul>\n<li>Tel\u00e9fono: 966749703<\/li>\n<li>Mail: mjnavarro @ umh.es<\/li>\n<\/ul>\n<\/li>\n<li><strong>Ana Lled\u00f3 Boyer<\/strong>\n<ul>\n<li>Tel\u00e9fono: 965919473<\/li>\n<li>Mail: ana.lledo  @ umh.es<\/li>\n<\/ul>\n<\/li>\n<\/ul>\n<p><\/p>","protected":false},"excerpt":{"rendered":"<p>\u00bfQu\u00e9 es el Comit\u00e9 de Empresa?<br \/>\nEl comit\u00e9 de empresa es el \u00f3rgano de representaci\u00f3n de l@s trabajador@s de la Universidad Miguel Hern\u00e1ndez de Elche con contrato laboral.<br \/>\nEsta formado por 23 miembros elegidos en las elecciones sindicales que tienen lugar cada cuatro a\u00f1os.<br \/>\nDelegadas de personal de CC.OO. en el Comit\u00e9 de Empresa (desde 05\/12\/2018)<br \/>\nActualmente CC.OO. cuenta [&#8230;]<\/p>\n","protected":false},"author":1417,"featured_media":0,"parent":1447,"menu_order":0,"comment_status":"closed","ping_status":"open","template":"","meta":{"_links_to":"","_links_to_target":""},"_links":{"self":[{"href":"https:\/\/ccoo.umh.es\/en\/wp-json\/wp\/v2\/pages\/18"}],"collection":[{"href":"https:\/\/ccoo.umh.es\/en\/wp-json\/wp\/v2\/pages"}],"about":[{"href":"https:\/\/ccoo.umh.es\/en\/wp-json\/wp\/v2\/types\/page"}],"author":[{"embeddable":true,"href":"https:\/\/ccoo.umh.es\/en\/wp-json\/wp\/v2\/users\/1417"}],"replies":[{"embeddable":true,"href":"https:\/\/ccoo.umh.es\/en\/wp-json\/wp\/v2\/comments?post=18"}],"version-history":[{"count":0,"href":"https:\/\/ccoo.umh.es\/en\/wp-json\/wp\/v2\/pages\/18\/revisions"}],"up":[{"embeddable":true,"href":"https:\/\/ccoo.umh.es\/en\/wp-json\/wp\/v2\/pages\/1447"}],"wp:attachment":[{"href":"https:\/\/ccoo.umh.es\/en\/wp-json\/wp\/v2\/media?parent=18"}],"curies":[{"name":"wp","href":"https:\/\/api.w.org\/{rel}","templated":true}]}}