{"id":203,"date":"2012-07-03T08:32:00","date_gmt":"2012-07-03T06:32:00","guid":{"rendered":"http:\/\/ccoo.zeus.umh.es\/igualdad\/documentos-y-normativas\/"},"modified":"2024-03-08T10:16:25","modified_gmt":"2024-03-08T09:16:25","slug":"documentos-y-normativas","status":"publish","type":"page","link":"https:\/\/ccoo.umh.es\/en\/igualdad\/documentos-y-normativas\/","title":{"rendered":"DOCUMENTOS Y NORMATIVAS"},"content":{"rendered":"<p><\/p>\n<h2>Protocolos de acoso de la UMH:<\/h2>\n<p align=\"JUSTIFY\">Recientemente nuestra Universidad acaba de aprobar dos documentos que regulan el protocolo a seguir en caso de situaciones de acoso en el trabajo entre el personal de la UMH, as\u00ed como el documento que regula el protocolo a seguir para la prevenci\u00f3n y actuaci\u00f3n en situaci\u00f3n de acoso sexual, por raz\u00f3n de sexo o por orientaci\u00f3n sexual.<\/p>\n<ul>\n<li><a href=\"https:\/\/igualdad.umh.es\/files\/2015\/05\/8026_PROTOCOLO-ACOSO-PSICOLOGICO-UMH.pdf\"><strong>Acuerdo de aprobaci\u00f3n del Protocolo para la prevenci\u00f3n y actuaci\u00f3n ante situaciones de conflictos interpersonales y acoso psicol\u00f3gico en el trabajo de la Universidad Miguel Hern\u00e1ndez.<\/strong><\/a> [20\/05\/2015]\n<ul>\n<li><strong>Resumen del protocolo<\/strong>:<\/li>\n<\/ul>\n<\/li>\n<\/ul>\n<p style=\"text-align: justify;padding-left: 90px\"><span style=\"color: #800000\">Se estructura el protocolo en las siguientes <b>5 fases:<\/b><\/span><\/p>\n<p style=\"padding-left: 90px;text-align: justify\"><span style=\"color: #800000\"><b>1. INICIACI\u00d3N<\/b>. La persona afectada podr\u00e1 presentar (de forma directa o mediante un\/a representante sindical) un <b>escrito<\/b> dirigido a la presidencia de la Comisi\u00f3n de Actuaci\u00f3n ante situaciones de Acoso Psicol\u00f3gico en el Trabajo (<b>CASAPT<\/b>) comunicando la situaci\u00f3n en el plazo m\u00e1ximo de <b>3 meses<\/b> contados desde el \u00faltimo incidente. Tambi\u00e9n puede ser presentado el escrito por cualquier \u00f3rgano de gobierno unipersonal, desde el Servicio de Prevenci\u00f3n u organizaciones sindicales (siempre y cuanto cuenten con el consentimiento escrito de la trabajadora\/or afectada\/o).En el protocolo se anexa un posible modelo y se indica la documentaci\u00f3n que se ha de aportar para iniciar el procedimiento. En un <b>plazo de 5 d\u00edas h\u00e1biles tras la recepci\u00f3n por registro de la denuncia,<\/b> la <b>persona del Servicio de Prevenci\u00f3n<\/b> designada como miembro nato en la <b>CASAPT<\/b> ha de realizar un informe inicial de valoraci\u00f3n de la situaci\u00f3n. Dicho informe pasa a la <b>CASAPT<\/b> que ha de resolver en un <b>plazo m\u00e1ximo de 5 d\u00edas<\/b>.<\/span><\/p>\n<p style=\"padding-left: 90px;text-align: justify\"><span style=\"color: #800000\"><b>2. MEDIACI\u00d3N<\/b>. Si la CASAPT resuelve iniciar el tr\u00e1mite de mediaci\u00f3n, propondr\u00e1 <b>3 mediadores\/as<\/b> que <b>intentar\u00e1n<\/b> mediar para que haya un <b>acuerdo previo<\/b> de las partes implicadas. Esta fase <b>se ha de<\/b> <b>resolver en 10 d\u00edas<\/b> desde la recepci\u00f3n de la documentaci\u00f3n recibida desde la CASAPT. En caso de no haber acuerdo, se pasar\u00e1 a la fase siguiente. <\/span><\/p>\n<p style=\"padding-left: 90px;text-align: justify\"><span style=\"color: #800000\"><b>3. INVESTIGACI\u00d3N<\/b>. En esta fase s\u00f3lo interviene <b>una persona designada por el\/la rector\/a<\/b>, que <b>recabar\u00e1 los testimonios y documentaci\u00f3n<\/b> necesarios con la mayor rapidez, confidencialidad, sigilo y participaci\u00f3n de todos y todas los\/as implicados\/as. Esta documentaci\u00f3n estar\u00e1 \u00fanica y exclusivamente en poder de la persona designada, que es la encargada de elaborar un <b>informe<\/b> al respecto.<\/span><\/p>\n<p style=\"padding-left: 90px;text-align: justify\"><span style=\"color: #800000\"><b>4. RESOLUCI\u00d3N<\/b>. Tras la recepci\u00f3n del informe, la <b>CASAPT<\/b> ha de adoptar una <b>propuesta de resoluci\u00f3n<\/b> provisional en un <b>plazo m\u00e1ximo de 45 d\u00edas h\u00e1biles<\/b> desde la recepci\u00f3n de la reclamaci\u00f3n, <b>prorrogable hasta los 90 d\u00edas<\/b> en caso de necesidad por cualquier circunstancia.El resultado de la investigaci\u00f3n se detallar\u00e1 en un <b>informe<\/b> que incluir\u00e1 propuestas de resoluci\u00f3n. Las <b>partes implicadas recibir\u00e1n las propuestas de resoluci\u00f3n<\/b> y podr\u00e1n formular <b>alegaciones en un plazo m\u00e1ximo de 5 d\u00edas h\u00e1biles<\/b> desde su recepci\u00f3n. Consideradas las alegaciones y <b>en un plazo m\u00e1ximo de 5 d\u00edas h\u00e1biles<\/b> desde su recepci\u00f3n se dar\u00e1 traslado a la propuesta de resoluci\u00f3n al\/a la <b>rector\/a<\/b>, que<b> resolver\u00e1 mediante la aprobaci\u00f3n y<\/b> en su caso<b>, adopci\u00f3n de las medidas necesarias <\/b>en un<b> plazo de 5 d\u00edas adicionales<\/b>.<\/span><\/p>\n<p style=\"padding-left: 90px;text-align: justify\"><span style=\"color: #800000\"><b>5. SEGUIMIENTO, EJECUCI\u00d3N E INFORME.<\/b> La <b>CASAPT<\/b> realizar\u00e1 el <b>seguimiento<\/b> de la ejecuci\u00f3n y cumplimiento de las <b>medidas de resoluci\u00f3n del conflicto<\/b>, garantizando la protecci\u00f3n a la intimidad de los y las trabajadores\/as implicados\/as, <b>con car\u00e1cter semestral<\/b> y <b>hasta los dos a\u00f1os desde la propuesta de resoluci\u00f3n<\/b>.La m\u00e1s estricta confidencialidad es imprescindible en el desarrollo de todo el procedimiento.<\/span><\/p>\n<ul>\n<li><a href=\"https:\/\/igualdad.umh.es\/files\/2015\/05\/8027_PROTOCOLO-ACOSO-SEXUAL-UMH.pdf\"><strong>Acuerdo de aprobaci\u00f3n del Protocolo para la prevenci\u00f3n y actuaci\u00f3n ante situaciones de acoso sexual, acoso por raz\u00f3n de sexo o por orientaci\u00f3n sexual de la Universidad Miguel Hern\u00e1ndez.<\/strong> <\/a>[20\/05\/2015]\n<ul>\n<li><strong>Resumen del protocolo<\/strong>:<\/li>\n<\/ul>\n<\/li>\n<\/ul>\n<p style=\"padding-left: 90px\"><span style=\"color: #800000\">Se estructura el protocolo en las siguientes <b>3 fases:<\/b><\/span><\/p>\n<p class=\"western\" style=\"padding-left: 90px\" align=\"JUSTIFY\"><span style=\"color: #800000\"><b>1. INICIACI\u00d3N<\/b>. La persona afectada podr\u00e1 presentar (de forma directa o mediante un\/a representante sindical) un <b>escrito<\/b> dirigido a la direcci\u00f3n de la <b>Unidad de Igualdad<\/b> comunicando la situaci\u00f3n en el plazo m\u00e1ximo de <b>3 meses<\/b> contados desde el \u00faltimo incidente. <\/span><\/p>\n<p class=\"western\" style=\"padding-left: 90px\" align=\"JUSTIFY\"><span style=\"color: #800000\">Tambi\u00e9n puede ser presentado el escrito por cualquier \u00f3rgano de gobierno unipersonal o desde las organizaciones sindicales (siempre y cuanto cuenten con el consentimiento escrito de la trabajadora\/or afectada\/o).<\/span><\/p>\n<p class=\"western\" style=\"padding-left: 90px\" align=\"JUSTIFY\"><span style=\"color: #800000\">En el protocolo se anexa un posible modelo y se indica la documentaci\u00f3n que se ha de aportar para iniciar el procedimiento.<\/span><\/p>\n<p class=\"western\" style=\"padding-left: 90px\" align=\"JUSTIFY\"><span style=\"color: #800000\">En un <b>plazo de 5 d\u00edas h\u00e1biles tras la recepci\u00f3n por registro de la denuncia,<\/b> la direcci\u00f3n de la<b> Unidad de Igualdad<\/b> ha de realizar el primer asesoramiento a la trabajadora\/or afectada\/o, adem\u00e1s de un <b>informe inicial de valoraci\u00f3n <\/b>de la situaci\u00f3n que ha de ser remitido a la Comisi\u00f3n de Actuaci\u00f3n en Situaciones de Acoso (<b>CASA<\/b>).<\/span><\/p>\n<p class=\"western\" style=\"padding-left: 90px\" align=\"JUSTIFY\"><span style=\"color: #800000\"><b>2. ACTUACI\u00d3N<\/b>. Una vez recibido el informe, en un <b>plazo m\u00e1ximo de 5 d\u00edas h\u00e1biles<\/b> la CASA ha de valorar el expediente y la documentaci\u00f3n acordando procedimiento de mediaci\u00f3n o derivaci\u00f3n a otro protocolo. <\/span><\/p>\n<p class=\"western\" style=\"padding-left: 90px\" align=\"JUSTIFY\"><span style=\"color: #800000\"><b>Si<\/b> se opta por la <b>mediaci\u00f3n<\/b>, siempre que haya acuerdo expreso de las partes implicadas, la CASA propondr\u00e1 <b>3 mediadores\/as<\/b> para<b> elegir a 1<\/b> de entre ellos\/as. La CASA remitir\u00e1 el escrito de reclamaci\u00f3n y el expediente al\/a la mediador\/a acordado\/a en un <b>plazo m\u00e1ximo de 3 d\u00edas h\u00e1biles desde el acuerdo <\/b>entre las partes<b>. <\/b>La actuaci\u00f3n del\/de<b> <\/b>la mediador\/a <b>no podr\u00e1 exceder los 10 d\u00edas h\u00e1biles<\/b> desde la recepci\u00f3n de la documentaci\u00f3n. <b>Si <\/b>la<b> <\/b>mediaci\u00f3n acaba con <b>acuerdo, acabar\u00e1 el procedimiento.<\/b><\/span><\/p>\n<p class=\"western\" style=\"padding-left: 90px\" align=\"JUSTIFY\"><span style=\"color: #800000\"><b>Si no hay acuerdo<\/b> entre las partes para elegir al\/a la mediador\/a o si el tr\u00e1mite de mediaci\u00f3n concluyera sin acuerdo, se sigue el <b>procedimiento ordinario<\/b>.<\/span><\/p>\n<p class=\"western\" style=\"padding-left: 90px\" align=\"JUSTIFY\"><span style=\"color: #800000\"><b>Procedimiento formal ordinario: <\/b>ser\u00e1 la <i>persona que haya sido designada por el\/la rector\/a<\/i> la que, de forma \u00fanica y exclusiva (aunque pudiendo contar con el asesoramiento de alg\u00fan miembro nato de la CASA), realice un <b>diagn\u00f3stico<\/b> de la situaci\u00f3n y elabore un <b>informe<\/b> que, en un <b>plazo m\u00e1ximo de 15 d\u00edas h\u00e1biles , <\/b>sea trasladado <b>a la CASA<\/b>.<\/span><\/p>\n<p class=\"western\" style=\"padding-left: 90px\" align=\"JUSTIFY\"><span style=\"color: #800000\"><b>En un plazo de 5 d\u00edas h\u00e1biles (prorrogable hasta 10 d\u00edas) <\/b>desde la recepci\u00f3n del informe, la <b>CASA<\/b> ha de elaborar un <b>informe de conclusiones y propuesta<\/b> de <i>archivo del expediente, incoaci\u00f3n de expediente disciplinario, posibles medidas correctivas o plan de medidas y persona responsable de su seguimiento y ejecuci\u00f3n, o sugerencia de las acciones judiciales<\/i> que corresponda <b>al\/a la rector\/a.<\/b><\/span><\/p>\n<p class=\"western\" style=\"padding-left: 90px\" align=\"JUSTIFY\"><span style=\"color: #800000\">Las <b>partes implicadas recibir\u00e1n las propuestas de resoluci\u00f3n<\/b> y podr\u00e1n formular <b>alegaciones en un plazo m\u00e1ximo de 5 d\u00edas h\u00e1biles<\/b> desde su recepci\u00f3n. Consideradas las alegaciones y <b>en un plazo m\u00e1ximo de 5 d\u00edas h\u00e1biles<\/b> desde su recepci\u00f3n se dar\u00e1 traslado a la propuesta de resoluci\u00f3n al\/a la <b>rector\/a<\/b>, que<b> resolver\u00e1 mediante la aprobaci\u00f3n y<\/b> en su caso<b>, adopci\u00f3n de las medidas necesarias <\/b>en un<b> plazo de 5 d\u00edas adicionales<\/b>.<\/span><\/p>\n<p class=\"western\" style=\"padding-left: 90px\" align=\"JUSTIFY\"><span style=\"color: #993366\"><span style=\"color: #800000\"><b>3. SEGUIMIENTO, EJECUCI\u00d3N E INFORME. <\/b>La<b> CASA<\/b> ha de realizar el <b>seguimiento de la ejecuci\u00f3n y cumplimiento de las medidas propuestas<\/b>. La aplicaci\u00f3n del protocolo se suspender\u00e1 si existe procedimiento administrativo o judicial sobre el mismo tema.<\/span> <\/span><\/p>\n<p><\/p>","protected":false},"excerpt":{"rendered":"<p>Protocolos de acoso de la UMH:<br \/>\nRecientemente nuestra Universidad acaba de aprobar dos documentos que regulan el protocolo a seguir en caso de situaciones de acoso en el trabajo entre el personal de la UMH, as\u00ed como el documento que regula el protocolo a seguir para la prevenci\u00f3n y actuaci\u00f3n en situaci\u00f3n de acoso sexual, por [&#8230;]<\/p>\n","protected":false},"author":1417,"featured_media":0,"parent":10,"menu_order":3,"comment_status":"closed","ping_status":"closed","template":"","meta":{"_links_to":"","_links_to_target":""},"_links":{"self":[{"href":"https:\/\/ccoo.umh.es\/en\/wp-json\/wp\/v2\/pages\/203"}],"collection":[{"href":"https:\/\/ccoo.umh.es\/en\/wp-json\/wp\/v2\/pages"}],"about":[{"href":"https:\/\/ccoo.umh.es\/en\/wp-json\/wp\/v2\/types\/page"}],"author":[{"embeddable":true,"href":"https:\/\/ccoo.umh.es\/en\/wp-json\/wp\/v2\/users\/1417"}],"replies":[{"embeddable":true,"href":"https:\/\/ccoo.umh.es\/en\/wp-json\/wp\/v2\/comments?post=203"}],"version-history":[{"count":0,"href":"https:\/\/ccoo.umh.es\/en\/wp-json\/wp\/v2\/pages\/203\/revisions"}],"up":[{"embeddable":true,"href":"https:\/\/ccoo.umh.es\/en\/wp-json\/wp\/v2\/pages\/10"}],"wp:attachment":[{"href":"https:\/\/ccoo.umh.es\/en\/wp-json\/wp\/v2\/media?parent=203"}],"curies":[{"name":"wp","href":"https:\/\/api.w.org\/{rel}","templated":true}]}}