{"id":27,"date":"2012-05-11T12:31:33","date_gmt":"2012-05-11T12:31:33","guid":{"rendered":"http:\/\/ccoo.zeus.umh.es\/tu-sindicato-3\/tus-representantes\/junta-de-pdi\/"},"modified":"2023-04-27T12:45:06","modified_gmt":"2023-04-27T10:45:06","slug":"junta-de-pdi","status":"publish","type":"page","link":"https:\/\/ccoo.umh.es\/en\/inf-laboral\/pdi\/junta-de-pdi\/","title":{"rendered":"Junta de PDI"},"content":{"rendered":"<p><a href=\"https:\/\/ccoo.umh.es\/files\/2012\/05\/reunion_41.png\"><img loading=\"lazy\" class=\" size-thumbnail wp-image-53 aligncenter\" title=\"reunion_4\" src=\"https:\/\/ccoo.umh.es\/files\/2012\/05\/reunion_41-150x150.png\" alt=\"\" width=\"150\" height=\"150\" \/><\/a><\/p>\n<h2>\u00bfQu\u00e9 es la Junta de PDI?<\/h2>\n<p style=\"text-align: justify\">La Junta de PDI es el \u00f3rgano de representaci\u00f3n de todos los profesores funcionarios de la Universidad Miguel Hern\u00e1ndez, y su objetivo prioritario es defender los derechos de todo el profesorado de nuestra universidad.<\/p>\n<p style=\"text-align: justify\">Esta formado por\u00a013 miembros elegidos en las elecciones sindicales que tienen lugar cada cuatro a\u00f1os.<\/p>\n<h2>Delegadas de personal de CC.OO. en la Junta de PDI (desde 05\/12\/2018)<\/h2>\n<p>Actualmente CC.OO. cuenta con\u00a03 representantes:<\/p>\n<ul>\n<li><strong>M\u00aa Jes\u00fas Cuesta Bolao<br \/>\n<\/strong><\/p>\n<ul>\n<li>Tel\u00e9fono: 966658429<\/li>\n<li>Mail: chus.cuesta @ umh.es<\/li>\n<\/ul>\n<\/li>\n<li><strong>Jose Barril Antu\u00f1a<br \/>\n<\/strong><\/p>\n<ul>\n<li>Tel\u00e9fono: 966658515<\/li>\n<li>Mail: jose.barril @ umh.es<\/li>\n<\/ul>\n<\/li>\n<li><strong>Maite Martin-Aragon Gelabert<br \/>\n<\/strong><\/p>\n<ul>\n<li>Tel\u00e9fono: 96668994<\/li>\n<li>Mail: maite-aragon @ umh.es<\/li>\n<\/ul>\n<\/li>\n<\/ul>\n<h2>Delegada sindical de CC.OO. por la Junta de PDI (LOLS)<\/h2>\n<ul>\n<li><strong>Ana Mart\u00ed de Olives<br \/>\n<\/strong><\/p>\n<ul>\n<li>Tel\u00e9fono: 966749705<\/li>\n<li>Mail: ana.marti @ umh.es<\/li>\n<\/ul>\n<\/li>\n<\/ul>\n<p><\/p>","protected":false},"excerpt":{"rendered":"<p>\u00bfQu\u00e9 es la Junta de PDI?<br \/>\nLa Junta de PDI es el \u00f3rgano de representaci\u00f3n de todos los profesores funcionarios de la Universidad Miguel Hern\u00e1ndez, y su objetivo prioritario es defender los derechos de todo el profesorado de nuestra universidad.<br \/>\nEsta formado por\u00a013 miembros elegidos en las elecciones sindicales que tienen lugar cada cuatro a\u00f1os.<br \/>\nDelegadas de personal [&#8230;]<\/p>\n","protected":false},"author":1417,"featured_media":0,"parent":8,"menu_order":0,"comment_status":"closed","ping_status":"open","template":"","meta":{"_links_to":"","_links_to_target":""},"_links":{"self":[{"href":"https:\/\/ccoo.umh.es\/en\/wp-json\/wp\/v2\/pages\/27"}],"collection":[{"href":"https:\/\/ccoo.umh.es\/en\/wp-json\/wp\/v2\/pages"}],"about":[{"href":"https:\/\/ccoo.umh.es\/en\/wp-json\/wp\/v2\/types\/page"}],"author":[{"embeddable":true,"href":"https:\/\/ccoo.umh.es\/en\/wp-json\/wp\/v2\/users\/1417"}],"replies":[{"embeddable":true,"href":"https:\/\/ccoo.umh.es\/en\/wp-json\/wp\/v2\/comments?post=27"}],"version-history":[{"count":0,"href":"https:\/\/ccoo.umh.es\/en\/wp-json\/wp\/v2\/pages\/27\/revisions"}],"up":[{"embeddable":true,"href":"https:\/\/ccoo.umh.es\/en\/wp-json\/wp\/v2\/pages\/8"}],"wp:attachment":[{"href":"https:\/\/ccoo.umh.es\/en\/wp-json\/wp\/v2\/media?parent=27"}],"curies":[{"name":"wp","href":"https:\/\/api.w.org\/{rel}","templated":true}]}}