{"id":367,"date":"2012-11-20T13:23:08","date_gmt":"2012-11-20T12:23:08","guid":{"rendered":"http:\/\/ccoo.umh.es\/?page_id=367"},"modified":"2019-03-04T16:50:02","modified_gmt":"2019-03-04T15:50:02","slug":"25-nov-dia-internacional-eliminacion-violencia-contra-la-mujer","status":"publish","type":"page","link":"https:\/\/ccoo.umh.es\/en\/igualdad\/25-nov-dia-internacional-eliminacion-violencia-contra-la-mujer\/","title":{"rendered":"<span lang=\"es\">(Espa\u00f1ol) 25 nov Dia Internacional eliminaci\u00f3n violencia contra la mujer<\/span>"},"content":{"rendered":"<p><\/p>\n<div><span style=\"font-family: HelveticaNeue-HeavyCond;color: #b77bb0;font-size: xx-large\"><span style=\"font-family: HelveticaNeue-HeavyCond;color: #b77bb0;font-size: xx-large\"><span style=\"font-family: HelveticaNeue-HeavyCond;color: #b77bb0;font-size: xx-large\"><span style=\"font-family: FranklinGothicBT-ExtraCondensed;font-size: xx-large\"><span style=\"font-family: FranklinGothicBT-ExtraCondensed;font-size: xx-large\"><span style=\"font-family: FranklinGothicBT-ExtraCondensed;font-size: xx-large\"><span style=\"font-family: FranklinGothicBT-ExtraCondensed;font-size: xx-large\"><span style=\"font-family: HelveticaNeue-HeavyCond;color: #b77bb0;font-size: xx-large\"><span style=\"font-family: HelveticaNeue-HeavyCond;color: #b77bb0;font-size: xx-large\"><span style=\"font-family: HelveticaNeue-HeavyCond;color: #b77bb0;font-size: xx-large\"><a href=\"https:\/\/ccoo.umh.es\/files\/2012\/11\/no-violencia.png\"><img loading=\"lazy\" class=\"alignright size-full wp-image-368\" title=\"no violencia\" alt=\"\" src=\"https:\/\/ccoo.umh.es\/files\/2012\/11\/no-violencia.png\" width=\"256\" height=\"184\" \/><\/a>\u00a0<\/span><\/span><\/span><\/span><\/span><\/span><\/span><\/span><\/span><\/span>\u00a0\u00a0\u00a0<span style=\"font-family: HelveticaNeue-HeavyCond;color: #b77bb0;font-size: xx-large\"><span style=\"font-family: HelveticaNeue-HeavyCond;color: #b77bb0;font-size: xx-large\"><span style=\"font-family: HelveticaNeue-HeavyCond;color: #b77bb0;font-size: xx-large\">\u00a0<\/span><\/span><\/span><\/div>\n<p style=\"text-align: center\"><span style=\"color: #922784;font-size: large\">\u00a0<\/span>\u00a0\u00a0\u00a0<\/p>\n<p style=\"text-align: center\">\u00a0<\/p>\n<p><strong>D\u00eda Internacional por la Eliminaci\u00f3n de la Violencia contra las Mujeres<\/strong><\/p>\n<p style=\"text-align: center\">\u00a0<\/p>\n<p>El sindicato considera que los factores de riesgo que favorecen la violencia machista se han agravado. Por ello, exige una repuesta integral urgente en el \u00e1mbito laboral, educativo e institucional para combatir esta grave violaci\u00f3n de los derechos humanos. CCOO PV convoca y participa en diversos actos para conmemorar este d\u00eda. Para ver toda la programaci\u00f3n, pincha\u00a0<a title=\"http:\/\/www.pv.ccoo.es\/pv\/Inici:734746--CCOO_PV_contra_el_terrorismo_que_no_cesa\naqu\u00ed\" href=\"http:\/\/www.pv.ccoo.es\/pv\/Inici:734746--CCOO_PV_contra_el_terrorismo_que_no_cesa\" target=\"_blank\">aqu\u00ed<\/a> .<\/p>\n<p style=\"text-align: center\">\u00a0<\/p>\n<p>25 NOVIEMBRE<\/p>\n<p style=\"text-align: center\">\u00a0<\/p>\n<p>En\u00a0<strong>Valencia<\/strong>, manifestaci\u00f3n a las 19.30h desde el Parterre.\u00a0<br \/>\nEn\u00a0<strong>Alicante<\/strong>, concentraci\u00f3n a las 20h en la Plaza de Calvo Sotelo.<br \/>\nEn\u00a0<strong>Castell\u00f3n<\/strong>,\u00a0manifestaci\u00f3n-marcha de antorchas desde la Plaza Santa Clara a las 19h.<\/p>\n<p style=\"text-align: center\"><span style=\"color: #922784;font-size: large\">\u00a0<\/span>\u00a0\u00a0\u00a0<\/p>\n<p style=\"text-align: center\"><span style=\"color: #922784;font-size: large\">\u00a0<\/span>\u00a0\u00a0\u00a0<\/p>\n<p style=\"text-align: center\"><span style=\"color: #922784;font-size: large\">\u00a0<\/span>\u00a0\u00a0\u00a0<\/p>\n<p style=\"text-align: center\"><span style=\"color: #922784;font-size: large\">\u00a0<\/span>\u00a0\u00a0\u00a0<\/p>\n<p style=\"text-align: center\">\u00a0\u00a0<\/p>\n<p style=\"text-align: center\">\u00a0\u00a0<\/p>\n<p style=\"text-align: center\">\u00a0\u00a0<\/p>\n<p style=\"text-align: center\">\u00a0<\/p>\n<p><\/p>","protected":false},"excerpt":{"rendered":"<p>\u00a0\u00a0\u00a0\u00a0\u00a0<br \/>\n\u00a0\u00a0\u00a0\u00a0<br \/>\n\u00a0<br \/>\nD\u00eda Internacional por la Eliminaci\u00f3n de la Violencia contra las Mujeres<br \/>\n\u00a0<br \/>\nEl sindicato considera que los factores de riesgo que favorecen la violencia machista se han agravado. Por ello, exige una repuesta integral urgente en el \u00e1mbito laboral, educativo e institucional para combatir esta grave violaci\u00f3n de los derechos humanos. CCOO PV convoca y participa en [&#8230;]<\/p>\n","protected":false},"author":1,"featured_media":0,"parent":10,"menu_order":2,"comment_status":"closed","ping_status":"closed","template":"","meta":{"_links_to":"","_links_to_target":""},"_links":{"self":[{"href":"https:\/\/ccoo.umh.es\/en\/wp-json\/wp\/v2\/pages\/367"}],"collection":[{"href":"https:\/\/ccoo.umh.es\/en\/wp-json\/wp\/v2\/pages"}],"about":[{"href":"https:\/\/ccoo.umh.es\/en\/wp-json\/wp\/v2\/types\/page"}],"author":[{"embeddable":true,"href":"https:\/\/ccoo.umh.es\/en\/wp-json\/wp\/v2\/users\/1"}],"replies":[{"embeddable":true,"href":"https:\/\/ccoo.umh.es\/en\/wp-json\/wp\/v2\/comments?post=367"}],"version-history":[{"count":0,"href":"https:\/\/ccoo.umh.es\/en\/wp-json\/wp\/v2\/pages\/367\/revisions"}],"up":[{"embeddable":true,"href":"https:\/\/ccoo.umh.es\/en\/wp-json\/wp\/v2\/pages\/10"}],"wp:attachment":[{"href":"https:\/\/ccoo.umh.es\/en\/wp-json\/wp\/v2\/media?parent=367"}],"curies":[{"name":"wp","href":"https:\/\/api.w.org\/{rel}","templated":true}]}}