{"id":668,"date":"2018-11-14T13:46:22","date_gmt":"2018-11-14T12:46:22","guid":{"rendered":"http:\/\/ccoo.umh.es\/?page_id=668"},"modified":"2019-02-11T12:33:14","modified_gmt":"2019-02-11T11:33:14","slug":"personal-de-administracion-y-servicios-pas","status":"publish","type":"page","link":"https:\/\/ccoo.umh.es\/en\/elecciones-sindicales-2018\/pas-funcionario\/personal-de-administracion-y-servicios-pas\/","title":{"rendered":"Administration and Services Staff Committee (JPAS)"},"content":{"rendered":"<p><\/p>\n<table width=\"531\" cellspacing=\"1\" cellpadding=\"1\" bgcolor=\"#cc0000\">\n<colgroup>\n<col width=\"525\" \/> <\/colgroup>\n<tbody>\n<tr>\n<td bgcolor=\"#cc0000\" width=\"525\" height=\"75\">\n<p align=\"center\"><b>Cecilia Aguilar Ruiz<\/b><br \/>\nAdministrativa<br \/>\nDpto. Econom\u00eda Agroambiental, Ing. Cartogr\u00e1fica y Exp. Gr\u00e1fica en la Ingenier\u00eda<\/p>\n<p align=\"center\"><b>Campus de Orihuela<\/b><\/p>\n<\/td>\n<\/tr>\n<tr>\n<td bgcolor=\"#cc0000\" width=\"525\" height=\"75\">\n<p align=\"center\"><b>Juan Agull\u00f3 Valero<\/b><br \/>\nT\u00e9cnico de Laboratorio<\/p>\n<p align=\"center\">Servicio de Innovaci\u00f3n y Apoyo T\u00e9cnico a la Docencia y a la Investigaci\u00f3n<\/p>\n<p align=\"center\">\u00a0<b>Campus de Elche<\/b><\/p>\n<\/td>\n<\/tr>\n<tr>\n<td bgcolor=\"#cc0000\" width=\"525\" height=\"73\">\n<p align=\"center\"><b>Matilde<\/b> <b>Ba\u00f1o Caballero<\/b><br \/>\nT\u00e9cnica de Administraci\u00f3n<br \/>\nOficina de Cultura e Igualdad<i> <\/i><\/p>\n<p align=\"center\">\u00a0<b>Campus de Elche<\/b><\/p>\n<\/td>\n<\/tr>\n<tr>\n<td bgcolor=\"#cc0000\" width=\"525\" height=\"73\">\n<p align=\"center\"><b>Rub\u00e9n Mart\u00ednez G\u00f3mez<\/b><\/p>\n<p align=\"center\">T\u00e9cnico Medio de Laboratorio<\/p>\n<p align=\"center\">Servicio de Innovaci\u00f3n y Apoyo T\u00e9cnico a la Docencia y a la Investigaci\u00f3n<\/p>\n<p align=\"center\"><b>Campus de Elche<\/b><\/p>\n<\/td>\n<\/tr>\n<tr>\n<td bgcolor=\"#cc0000\" width=\"525\" height=\"73\">\n<p align=\"center\"><b>Carmen S\u00e1nchez Ardila<\/b><br \/>\nT\u00e9cnica Superior de Bibliotecas<br \/>\nBiblioteca de Ciencias de la Salud<br \/>\n<b>Campus de Sant Joan<\/b><\/p>\n<\/td>\n<\/tr>\n<tr>\n<td bgcolor=\"#cc0000\" width=\"525\" height=\"66\">\n<p align=\"center\"><b>Ricardo Granja Camarasa<\/b><\/p>\n<p align=\"center\">T\u00e9cnico de Laboratorio<br \/>\nServicio de Innovaci\u00f3n y Apoyo T\u00e9cnico a la Docencia y a la Investigaci\u00f3n<\/p>\n<p align=\"center\"><b>Campus de Elche<\/b><\/p>\n<\/td>\n<\/tr>\n<tr>\n<td bgcolor=\"#cc0000\" width=\"525\" height=\"67\">\n<p align=\"center\"><b>Maya Molina Palacio<\/b><br \/>\nAdministrativa<br \/>\nCentro de Gesti\u00f3n de Campus<br \/>\n<b>Campus de <\/b> <b>Sant Joan<\/b><\/p>\n<\/td>\n<\/tr>\n<tr>\n<td bgcolor=\"#cc0000\" width=\"525\" height=\"56\">\n<p align=\"center\"><b>Antonio Guerrero Sotoca<\/b><br \/>\nT\u00e9cnico Medio de Administraci\u00f3n<br \/>\nServicio de Gesti\u00f3n de Estudios<br \/>\n<b>Campus de Elche<\/b><\/p>\n<\/td>\n<\/tr>\n<tr>\n<td bgcolor=\"#cc0000\" width=\"525\" height=\"76\">\n<p align=\"center\"><b>Marisol Pina Hern\u00e1ndez<\/b><br \/>\nT\u00e9cnica de Laboratorio<br \/>\nServicio de Innovaci\u00f3n y Apoyo T\u00e9cnico a la Docencia y a la Investigaci\u00f3n<\/p>\n<p align=\"center\"><b>Campus de Orihuela<\/b><\/p>\n<\/td>\n<\/tr>\n<tr>\n<td bgcolor=\"#cc0000\" width=\"525\" height=\"77\">\n<p align=\"center\"><b>Jos\u00e9 Antonio Fraile Pe\u00f1a<\/b><\/p>\n<p align=\"center\">Gestor Administrativo<\/p>\n<p align=\"center\">Servicio de Innovaci\u00f3n y Apoyo T\u00e9cnico a la Docencia y a la Investigaci\u00f3n<\/p>\n<p align=\"center\"><b>Campus de Elche<\/b><\/p>\n<\/td>\n<\/tr>\n<tr>\n<td bgcolor=\"#cc0000\" width=\"525\" height=\"70\">\n<p align=\"center\"><b>Teresa Romero Poveda<\/b><\/p>\n<p align=\"center\">Gestora Administrativa<\/p>\n<p align=\"center\">Decanato de Farmacia<\/p>\n<p align=\"center\"><b>Campus de Sant Joan<\/b><\/p>\n<\/td>\n<\/tr>\n<tr>\n<td bgcolor=\"#cc0000\" width=\"525\" height=\"73\">\n<p align=\"center\"><b>Luis Fernando Gomis Pastor<\/b><\/p>\n<p align=\"center\">Especialista T\u00e9cnico de Laboratorio<\/p>\n<p align=\"center\"><a name=\"_GoBack1\"><\/a> Servicios Inform\u00e1ticos<\/p>\n<p align=\"center\">\u00a0<b>Campus de Elche<\/b><\/p>\n<\/td>\n<\/tr>\n<tr>\n<td bgcolor=\"#cc0000\" width=\"525\" height=\"68\">\n<p align=\"center\"><b>Eva Garrido Sotomayor<br \/>\n<\/b>Administrativa<br \/>\nDepartamento de Ingenier\u00eda<br \/>\n<b>Campus de Orihuela<\/b><\/p>\n<\/td>\n<\/tr>\n<tr>\n<td bgcolor=\"#cc0000\" width=\"525\" height=\"73\">\n<p align=\"center\"><b>Guillermo Mart\u00ednez de la Torre<\/b><\/p>\n<p align=\"center\">T\u00e9cnico Medio de Innovaci\u00f3n<\/p>\n<p align=\"center\">Servicio de Innovaci\u00f3n y Apoyo T\u00e9cnico a la Docencia y a la Investigaci\u00f3n<\/p>\n<p align=\"center\">\u00a0<b>Campus de Elche<\/b><\/p>\n<\/td>\n<\/tr>\n<tr>\n<td bgcolor=\"#cc0000\" width=\"525\" height=\"62\">\n<p align=\"center\"><b>Ver\u00f3nica Blanca Garc\u00eda Yago<\/b><\/p>\n<p align=\"center\">Administrativo<\/p>\n<p align=\"center\">Vicedecanato de la Facultad de Medicina<\/p>\n<p align=\"center\"><b>Campus de Sant Joan<\/b><\/p>\n<\/td>\n<\/tr>\n<\/tbody>\n<\/table>\n<p><\/p>","protected":false},"excerpt":{"rendered":"<p>Cecilia Aguilar Ruiz<br \/>\nAdministrativa<br \/>\nDpto. Econom\u00eda Agroambiental, Ing. Cartogr\u00e1fica y Exp. Gr\u00e1fica en la Ingenier\u00eda<br \/>\nCampus de Orihuela<\/p>\n<p>Juan Agull\u00f3 Valero<br \/>\nT\u00e9cnico de Laboratorio<br \/>\nServicio de Innovaci\u00f3n y Apoyo T\u00e9cnico a la Docencia y a la Investigaci\u00f3n<br \/>\n\u00a0Campus de Elche<\/p>\n<p>Matilde Ba\u00f1o Caballero<br \/>\nT\u00e9cnica de Administraci\u00f3n<br \/>\nOficina de Cultura e Igualdad<br \/>\n\u00a0Campus de Elche<\/p>\n<p>Rub\u00e9n Mart\u00ednez G\u00f3mez<br \/>\nT\u00e9cnico Medio de Laboratorio<br \/>\nServicio de Innovaci\u00f3n y Apoyo T\u00e9cnico [&#8230;]<\/p>\n","protected":false},"author":1209,"featured_media":0,"parent":683,"menu_order":0,"comment_status":"closed","ping_status":"closed","template":"","meta":{"_links_to":"","_links_to_target":""},"_links":{"self":[{"href":"https:\/\/ccoo.umh.es\/en\/wp-json\/wp\/v2\/pages\/668"}],"collection":[{"href":"https:\/\/ccoo.umh.es\/en\/wp-json\/wp\/v2\/pages"}],"about":[{"href":"https:\/\/ccoo.umh.es\/en\/wp-json\/wp\/v2\/types\/page"}],"author":[{"embeddable":true,"href":"https:\/\/ccoo.umh.es\/en\/wp-json\/wp\/v2\/users\/1209"}],"replies":[{"embeddable":true,"href":"https:\/\/ccoo.umh.es\/en\/wp-json\/wp\/v2\/comments?post=668"}],"version-history":[{"count":0,"href":"https:\/\/ccoo.umh.es\/en\/wp-json\/wp\/v2\/pages\/668\/revisions"}],"up":[{"embeddable":true,"href":"https:\/\/ccoo.umh.es\/en\/wp-json\/wp\/v2\/pages\/683"}],"wp:attachment":[{"href":"https:\/\/ccoo.umh.es\/en\/wp-json\/wp\/v2\/media?parent=668"}],"curies":[{"name":"wp","href":"https:\/\/api.w.org\/{rel}","templated":true}]}}